{"id":160,"date":"2021-05-14T03:04:46","date_gmt":"2021-05-14T03:04:46","guid":{"rendered":"http:\/\/www.radioluz885.org\/?page_id=160"},"modified":"2024-08-27T23:04:17","modified_gmt":"2024-08-27T23:04:17","slug":"rendicion-de-cuentas","status":"publish","type":"page","link":"https:\/\/www.radioluz885.org\/index.php\/rendicion-de-cuentas\/","title":{"rendered":"Rendici\u00f3n de Cuentas"},"content":{"rendered":"\t\t<div data-elementor-type=\"wp-page\" data-elementor-id=\"160\" class=\"elementor elementor-160\">\n\t\t\t\t\t\t<section class=\"elementor-section elementor-top-section elementor-element elementor-element-540dece9 elementor-section-boxed elementor-section-height-default elementor-section-height-default\" data-id=\"540dece9\" data-element_type=\"section\" data-e-type=\"section\">\n\t\t\t\t\t\t<div class=\"elementor-container elementor-column-gap-default\">\n\t\t\t\t\t<div class=\"elementor-column elementor-col-100 elementor-top-column elementor-element elementor-element-39a543cc\" data-id=\"39a543cc\" data-element_type=\"column\" data-e-type=\"column\">\n\t\t\t<div class=\"elementor-widget-wrap elementor-element-populated\">\n\t\t\t\t\t\t<div class=\"elementor-element elementor-element-78871b33 elementor-widget elementor-widget-heading\" data-id=\"78871b33\" data-element_type=\"widget\" data-e-type=\"widget\" data-widget_type=\"heading.default\">\n\t\t\t\t<div class=\"elementor-widget-container\">\n\t\t\t\t\t<h2 class=\"elementor-heading-title elementor-size-default\">RENDICI\u00d3N DE CUENTAS<\/h2>\t\t\t\t<\/div>\n\t\t\t\t<\/div>\n\t\t\t\t<div class=\"elementor-element elementor-element-1967ca70 elementor-tabs-view-horizontal elementor-widget elementor-widget-tabs\" data-id=\"1967ca70\" data-element_type=\"widget\" data-e-type=\"widget\" data-widget_type=\"tabs.default\">\n\t\t\t\t<div class=\"elementor-widget-container\">\n\t\t\t\t\t\t\t<div class=\"elementor-tabs\">\n\t\t\t<div class=\"elementor-tabs-wrapper\" role=\"tablist\" >\n\t\t\t\t\t\t\t\t\t<div id=\"elementor-tab-title-4261\" class=\"elementor-tab-title elementor-tab-desktop-title\" aria-selected=\"true\" data-tab=\"1\" role=\"tab\" tabindex=\"0\" aria-controls=\"elementor-tab-content-4261\" aria-expanded=\"false\">Rendici\u00f3n de Cuentas <\/div>\n\t\t\t\t\t\t\t\t\t<div id=\"elementor-tab-title-4262\" class=\"elementor-tab-title elementor-tab-desktop-title\" aria-selected=\"false\" data-tab=\"2\" role=\"tab\" tabindex=\"-1\" aria-controls=\"elementor-tab-content-4262\" aria-expanded=\"false\">Rendici\u00f3n de Cuentas 2021<\/div>\n\t\t\t\t\t\t\t\t\t<div id=\"elementor-tab-title-4263\" class=\"elementor-tab-title elementor-tab-desktop-title\" aria-selected=\"false\" data-tab=\"3\" role=\"tab\" tabindex=\"-1\" aria-controls=\"elementor-tab-content-4263\" aria-expanded=\"false\">Rendici\u00f3n de Cuentas 2022<\/div>\n\t\t\t\t\t\t\t\t\t<div id=\"elementor-tab-title-4264\" class=\"elementor-tab-title elementor-tab-desktop-title\" aria-selected=\"false\" data-tab=\"4\" role=\"tab\" tabindex=\"-1\" aria-controls=\"elementor-tab-content-4264\" aria-expanded=\"false\">C\u00f3digo de \u00c9tica<\/div>\n\t\t\t\t\t\t\t<\/div>\n\t\t\t<div class=\"elementor-tabs-content-wrapper\" role=\"tablist\" aria-orientation=\"vertical\">\n\t\t\t\t\t\t\t\t\t<div class=\"elementor-tab-title elementor-tab-mobile-title\" aria-selected=\"true\" data-tab=\"1\" role=\"tab\" tabindex=\"0\" aria-controls=\"elementor-tab-content-4261\" aria-expanded=\"false\">Rendici\u00f3n de Cuentas <\/div>\n\t\t\t\t\t<div id=\"elementor-tab-content-4261\" class=\"elementor-tab-content elementor-clearfix\" data-tab=\"1\" role=\"tabpanel\" aria-labelledby=\"elementor-tab-title-4261\" tabindex=\"0\" hidden=\"false\"><p><strong>1.-COMPROBANTE PAGO A SAYCE 2017<\/strong><\/p>\n<p><a style=\"font-style: inherit; font-weight: inherit; font-family: var( --e-global-typography-text-font-family ), Sans-serif; background-color: #ffffff;\" href=\"https:\/\/www.radioluz885.org\/wp-content\/uploads\/2022\/04\/COMPROBANTE-PAGO-A-SAYCE-2017.pdf\">https:\/\/www.radioluz885.org\/wp-content\/uploads\/2022\/04\/COMPROBANTE-PAGO-A-SAYCE-2017.pdf<\/a><\/p>\n<p><span style=\"font-weight: bold;\">2.-COMPROBANTE DE PAGO A SOPROFON 2017<\/span><\/p>\n<p><a href=\"https:\/\/www.radioluz885.org\/wp-content\/uploads\/2022\/04\/COMPROBANTE-DE-PAGO-SOPROFON-2017.pdf\">https:\/\/www.radioluz885.org\/wp-content\/uploads\/2022\/04\/COMPROBANTE-DE-PAGO-SOPROFON-2017.pdf<\/a><\/p>\n<p><span style=\"font-weight: bold;\">3.-CERTIFICADO SRI 2018<\/span><\/p>\n<p><a href=\"https:\/\/www.radioluz885.org\/wp-content\/uploads\/2022\/04\/CERTIFICADO-SRI-2018.pdf\">https:\/\/www.radioluz885.org\/wp-content\/uploads\/2022\/04\/CERTIFICADO-SRI-2018.pdf<\/a><\/p>\n<p><span style=\"font-weight: bold;\">4.-PLAN DE CONTINGENCIA 2020&nbsp;<\/span><\/p>\n<p><a href=\"https:\/\/www.radioluz885.org\/wp-content\/uploads\/2022\/04\/Plan-de-Contingencia-2020-Radio-LUZ-88.5.pdf\">https:\/\/www.radioluz885.org\/wp-content\/uploads\/2022\/04\/Plan-de-Contingencia-2020-Radio-LUZ-88.5.pdf<\/a><\/p>\n<p><span style=\"font-weight: bold;\">5.-PAGO DE IMPUESTO A LA RENTA 2020&nbsp;<\/span><\/p>\n<p><a href=\"https:\/\/www.radioluz885.org\/wp-content\/uploads\/2022\/04\/Pago-de-Impuesto-a-la-Renta-2020.pdf\">https:\/\/www.radioluz885.org\/wp-content\/uploads\/2022\/04\/Pago-de-Impuesto-a-la-Renta-2020.pdf<\/a><\/p>\n<p><span style=\"font-weight: bold;\">6.-IMPUESTO A LA RENTA 2020<\/span><\/p>\n<p><a href=\"https:\/\/www.radioluz885.org\/wp-content\/uploads\/2022\/04\/Impuesto-a-la-renta-Radio-Luz-2020.pdf\">https:\/\/www.radioluz885.org\/wp-content\/uploads\/2022\/04\/Impuesto-a-la-renta-Radio-Luz-2020.pdf<\/a><\/p><\/div>\n\t\t\t\t\t\t\t\t\t<div class=\"elementor-tab-title elementor-tab-mobile-title\" aria-selected=\"false\" data-tab=\"2\" role=\"tab\" tabindex=\"-1\" aria-controls=\"elementor-tab-content-4262\" aria-expanded=\"false\">Rendici\u00f3n de Cuentas 2021<\/div>\n\t\t\t\t\t<div id=\"elementor-tab-content-4262\" class=\"elementor-tab-content elementor-clearfix\" data-tab=\"2\" role=\"tabpanel\" aria-labelledby=\"elementor-tab-title-4262\" tabindex=\"0\" hidden=\"hidden\"><p><strong>1.-AUDIO RENDICI\u00d3N DE CUENTAS 2021<\/strong><\/p><p><a href=\"https:\/\/www.radioluz885.org\/wp-content\/uploads\/2022\/04\/1.-AUDIO-DE-RENDICION-DE-CUENTAS-2021.mp4\"> https:\/\/www.radioluz885.org\/wp-content\/uploads\/2022\/04\/1.-AUDIO-DE-RENDICION-DE-CUENTAS-2021.mp4<\/a><\/p><p><strong>2.- VIDEO DE RENDICI\u00d3N DE CUENTAS 2021<\/strong><\/p><p><a href=\"https:\/\/www.radioluz885.org\/wp-content\/uploads\/2021\/06\/2-video-rendicion-de-cuentas-2020_abp3BH5z.mov\">https:\/\/www.radioluz885.org\/wp-content\/uploads\/2021\/06\/2-video-rendicion-de-cuentas-2020_abp3BH5z.mov<\/a><\/p><p><strong>3.- APORTE 2021<\/strong><\/p><p><a href=\"https:\/\/www.radioluz885.org\/wp-content\/uploads\/2022\/04\/3.-APORTE-2021-1.pdf\">https:\/\/www.radioluz885.org\/wp-content\/uploads\/2022\/04\/3.-APORTE-2021-1.pdf<\/a><\/p><p><strong>4.- CERTIFICADO DE NO DICTAMEN 2021<\/strong><\/p><p><a href=\"https:\/\/www.radioluz885.org\/wp-content\/uploads\/2022\/04\/4.-CERTIFICADO-DE-NO-DICTAMEN-2021-1.pdf\">https:\/\/www.radioluz885.org\/wp-content\/uploads\/2022\/04\/4.-CERTIFICADO-DE-NO-DICTAMEN-2021-1.pdf<\/a><\/p><p><strong>5.- CERTIFICADO DE NO RECLAMO 2021<\/strong><\/p><p><a href=\"https:\/\/www.radioluz885.org\/wp-content\/uploads\/2022\/04\/5.-CERTIFICADO-DE-NO-RECLAMO-2021-1.pdf\">https:\/\/www.radioluz885.org\/wp-content\/uploads\/2022\/04\/5.-CERTIFICADO-DE-NO-RECLAMO-2021-1.pdf<\/a><\/p><p><strong>6.- CERTIFICADO SAYCE Y SOPROFON<\/strong><\/p><p><a href=\"https:\/\/www.radioluz885.org\/wp-content\/uploads\/2022\/04\/6.-CERTIFICADO-SAYCE-Y-SOPROFON-1.pdf\">https:\/\/www.radioluz885.org\/wp-content\/uploads\/2022\/04\/6.-CERTIFICADO-SAYCE-Y-SOPROFON-1.pdf<\/a><\/p><p><strong>7.- INVITACI\u00d3N 2021<\/strong><\/p><p><a href=\"https:\/\/www.radioluz885.org\/wp-content\/uploads\/2022\/04\/7.-INVITACION-2021-1.pdf\">https:\/\/www.radioluz885.org\/wp-content\/uploads\/2022\/04\/7.-INVITACION-2021-1.pdf<\/a><\/p><p><strong>8.- OBLIGACIONES PATRONALES<\/strong><\/p><p><a href=\"https:\/\/www.radioluz885.org\/wp-content\/uploads\/2022\/04\/8.-OBLIGACIONES-PATRONALES-1.pdf\">https:\/\/www.radioluz885.org\/wp-content\/uploads\/2022\/04\/8.-OBLIGACIONES-PATRONALES-1.pdf<\/a><\/p><p><strong>9.- PARRILLA DE PROGRAMAS<\/strong><\/p><p><a href=\"https:\/\/www.radioluz885.org\/wp-content\/uploads\/2022\/04\/9.-PARRILLA-DE-PROGRAMAS-1.pdf\">https:\/\/www.radioluz885.org\/wp-content\/uploads\/2022\/04\/9.-PARRILLA-DE-PROGRAMAS-1.pdf<\/a><\/p><p><strong>10.- PLAN DE TRABAJO 2021<\/strong><\/p><p><a href=\"https:\/\/www.radioluz885.org\/wp-content\/uploads\/2022\/04\/10.-PLAN-DE-TRABAJO-2021-1.pdf\">https:\/\/www.radioluz885.org\/wp-content\/uploads\/2022\/04\/10.-PLAN-DE-TRABAJO-2021-1.pdf<\/a><\/p><p><strong>11.- EVENTOS 2021<\/strong><\/p><p><a href=\"https:\/\/www.radioluz885.org\/wp-content\/uploads\/2022\/04\/11.-EVENTOS-2021-1.pdf\">https:\/\/www.radioluz885.org\/wp-content\/uploads\/2022\/04\/11.-EVENTOS-2021-1.pdf<\/a><\/p><p><strong>12.- IMPUESTO A LA RENTA<\/strong><\/p><p><a href=\"https:\/\/www.radioluz885.org\/wp-content\/uploads\/2022\/04\/12.-IMPUESTO-A-LA-RENTA-1.pdf\">https:\/\/www.radioluz885.org\/wp-content\/uploads\/2022\/04\/12.-IMPUESTO-A-LA-RENTA-1.pdf<\/a><\/p><p><strong>13.- BALANCE FINANCIERO RADIO LUZ 2021<\/strong><\/p><p><a href=\"https:\/\/www.radioluz885.org\/wp-content\/uploads\/2022\/04\/13.-BALANCE-FINANCIERO-RADIO-LUZ-2021-2.pdf\">https:\/\/www.radioluz885.org\/wp-content\/uploads\/2022\/04\/13.-BALANCE-FINANCIERO-RADIO-LUZ-2021-2.pdf<\/a><\/p><p><strong>14.- CERTIFICADO SAYCE<\/strong><\/p><p><a href=\"https:\/\/www.radioluz885.org\/wp-content\/uploads\/2022\/04\/CERTIFICADO-SAYCE-20220413133342072.pdf\">https:\/\/www.radioluz885.org\/wp-content\/uploads\/2022\/04\/CERTIFICADO-SAYCE-20220413133342072.pdf<\/a><\/p><p><strong>15.- FORMULARIO DE RENDICI\u00d3N DE CUENTAS<\/strong><\/p><p><a href=\"https:\/\/www.radioluz885.org\/wp-content\/uploads\/2022\/04\/15.-FORMULARIO-DE-RENDICION-DE-CUENTAS.pdf\">https:\/\/www.radioluz885.org\/wp-content\/uploads\/2022\/04\/15.-FORMULARIO-DE-RENDICION-DE-CUENTAS.pdf<\/a><\/p><p>\u00a0<\/p><\/div>\n\t\t\t\t\t\t\t\t\t<div class=\"elementor-tab-title elementor-tab-mobile-title\" aria-selected=\"false\" data-tab=\"3\" role=\"tab\" tabindex=\"-1\" aria-controls=\"elementor-tab-content-4263\" aria-expanded=\"false\">Rendici\u00f3n de Cuentas 2022<\/div>\n\t\t\t\t\t<div id=\"elementor-tab-content-4263\" class=\"elementor-tab-content elementor-clearfix\" data-tab=\"3\" role=\"tabpanel\" aria-labelledby=\"elementor-tab-title-4263\" tabindex=\"0\" hidden=\"hidden\"><p><strong>1.-AUDIO RENDICI\u00d3N DE CUENTAS 2022<\/strong><\/p><p><a href=\"https:\/\/www.radioluz885.org\/wp-content\/uploads\/2023\/06\/01.-AUDIO-DE-RENDICION-DE-CUENTAS-2022-1.mp3\"> https:\/\/www.radioluz885.org\/wp-content\/uploads\/2022\/04\/1.-AUDIO-DE-RENDICION-DE-CUENTAS-2021.mp4<\/a><\/p><p><strong>2.- VIDEO DE RENDICI\u00d3N DE CUENTAS 2022<\/strong><\/p><p><a href=\"https:\/\/www.radioluz885.org\/wp-content\/uploads\/2023\/06\/02.-VIDEO-DE-RENDICION-DE-CUENTAS-2022.mp4\">https:\/\/www.radioluz885.org\/wp-content\/uploads\/2021\/06\/2-video-rendicion-de-cuentas-2020_abp3BH5z.mov<\/a><\/p><p><strong>3.- APORTE 2022<\/strong><\/p><p><a href=\"https:\/\/www.radioluz885.org\/wp-content\/uploads\/2023\/06\/03.-APORTE-2022-1.pdf\">https:\/\/www.radioluz885.org\/wp-content\/uploads\/2022\/04\/3.-APORTE-2021-1.pdf<\/a><\/p><p><strong>4.- CERTIFICADO DE NO DICTAMEN 2022<\/strong><\/p><p><a href=\"https:\/\/www.radioluz885.org\/wp-content\/uploads\/2023\/06\/04.-CERTIFICADO-DE-NO-DICTAMEN-1.pdf\">https:\/\/www.radioluz885.org\/wp-content\/uploads\/2022\/04\/4.-CERTIFICADO-DE-NO-DICTAMEN-2021-1.pdf<\/a><\/p><p><strong>5.- CERTIFICADO DE NO RECLAMO 2022<\/strong><\/p><p><a href=\"https:\/\/www.radioluz885.org\/wp-content\/uploads\/2023\/06\/05.-CERTIFICADO-DE-NO-RECLAMO-1.pdf\">https:\/\/www.radioluz885.org\/wp-content\/uploads\/2022\/04\/5.-CERTIFICADO-DE-NO-RECLAMO-2021-1.pdf<\/a><\/p><p><strong>6.- CERTIFICADO Y FACTURA DE SAYCE Y SOPROFON<\/strong><\/p><p><a href=\"https:\/\/www.radioluz885.org\/wp-content\/uploads\/2023\/06\/06.-CERTIFICADON-Y-FACTURA-DE-SAYCE-Y-SOPROFOM-1.pdf\">https:\/\/www.radioluz885.org\/wp-content\/uploads\/2022\/04\/6.-CERTIFICADO-SAYCE-Y-SOPROFON-1.pdf<\/a><\/p><p><strong>7.- INVITACI\u00d3N 2022<\/strong><\/p><p><a href=\"https:\/\/www.radioluz885.org\/wp-content\/uploads\/2023\/06\/07.-INVITACION-1.pdf\">https:\/\/www.radioluz885.org\/wp-content\/uploads\/2022\/04\/7.-INVITACION-2021-1.pdf<\/a><\/p><p><strong>8.- OBLIGACIONES PATRONALES 2022<\/strong><\/p><p><a href=\"https:\/\/www.radioluz885.org\/wp-content\/uploads\/2023\/06\/08.-OBLIGACIONES-PATRONALES-2022-1.pdf\">https:\/\/www.radioluz885.org\/wp-content\/uploads\/2022\/04\/8.-OBLIGACIONES-PATRONALES-1.pdf<\/a><\/p><p><strong>9.- PARRILLA DE PROGRAMAS 2022<\/strong><\/p><p><a href=\"https:\/\/www.radioluz885.org\/wp-content\/uploads\/2023\/06\/09.-PARRILLA-DDE-PROGRAMACION-2022-1.pdf\">https:\/\/www.radioluz885.org\/wp-content\/uploads\/2022\/04\/9.-PARRILLA-DE-PROGRAMAS-1.pdf<\/a><\/p><p><strong>10.- PLAN DE TRABAJO 2022<\/strong><\/p><p><a href=\"https:\/\/www.radioluz885.org\/wp-content\/uploads\/2023\/06\/10.-PLAN-DE-TRABAJO-2022-1.pdf\">https:\/\/www.radioluz885.org\/wp-content\/uploads\/2022\/04\/10.-PLAN-DE-TRABAJO-2021-1.pdf<\/a><\/p><p><strong>11.- EVENTOS 2022<\/strong><\/p><p><a href=\"https:\/\/www.radioluz885.org\/wp-content\/uploads\/2023\/06\/11.-EVENTOS-2022-1.pdf\">https:\/\/www.radioluz885.org\/wp-content\/uploads\/2022\/04\/11.-EVENTOS-2021-1.pdf<\/a><\/p><p><strong>12.- IMPUESTO A LA RENTA 2022<\/strong><\/p><p><a href=\"https:\/\/www.radioluz885.org\/wp-content\/uploads\/2023\/06\/12.-IMPUESTO-A-LA-RENTA-2022-1.pdf\">https:\/\/www.radioluz885.org\/wp-content\/uploads\/2022\/04\/12.-IMPUESTO-A-LA-RENTA-1.pdf<\/a><\/p><p><strong>13.- BALANCE GENERAL 2022<\/strong><\/p><p><a href=\"https:\/\/www.radioluz885.org\/wp-content\/uploads\/2023\/06\/13.-BALANCE-GENERAL-1.pdf\">https:\/\/www.radioluz885.org\/wp-content\/uploads\/2022\/04\/13.-BALANCE-FINANCIERO-RADIO-LUZ-2021-2.pdf<\/a><\/p><p><strong>14.- ESTADO DE P\u00c9RDIDAS Y GANANCIAS<\/strong><\/p><p><a href=\"https:\/\/www.radioluz885.org\/wp-content\/uploads\/2023\/06\/14.-ESTADO-DE-PERDIDAS-Y-GANANCIAS-1.pdf\">https:\/\/www.radioluz885.org\/wp-content\/uploads\/2022\/04\/CERTIFICADO-SAYCE-20220413133342072.pdf<\/a><\/p><p>\u00a0<\/p><\/div>\n\t\t\t\t\t\t\t\t\t<div class=\"elementor-tab-title elementor-tab-mobile-title\" aria-selected=\"false\" data-tab=\"4\" role=\"tab\" tabindex=\"-1\" aria-controls=\"elementor-tab-content-4264\" aria-expanded=\"false\">C\u00f3digo de \u00c9tica<\/div>\n\t\t\t\t\t<div id=\"elementor-tab-content-4264\" class=\"elementor-tab-content elementor-clearfix\" data-tab=\"4\" role=\"tabpanel\" aria-labelledby=\"elementor-tab-title-4264\" tabindex=\"0\" hidden=\"hidden\"><p><a href=\"https:\/\/www.radioluz885.org\/wp-content\/uploads\/2024\/08\/CODIGO-DE-ETICA-RADIODIFLUZ-signed.pdf\">Ver c\u00f3digo de \u00e9tica<\/a><\/p><\/div>\n\t\t\t\t\t\t\t<\/div>\n\t\t<\/div>\n\t\t\t\t\t\t<\/div>\n\t\t\t\t<\/div>\n\t\t\t\t\t<\/div>\n\t\t<\/div>\n\t\t\t\t\t<\/div>\n\t\t<\/section>\n\t\t\t\t<section class=\"elementor-section elementor-top-section elementor-element elementor-element-86a0711 elementor-section-content-middle elementor-section-boxed elementor-section-height-default elementor-section-height-default\" data-id=\"86a0711\" data-element_type=\"section\" data-e-type=\"section\" data-settings=\"{&quot;background_background&quot;:&quot;gradient&quot;}\">\n\t\t\t\t\t\t\t<div class=\"elementor-background-overlay\"><\/div>\n\t\t\t\t\t\t\t<div class=\"elementor-container elementor-column-gap-no\">\n\t\t\t\t\t<div class=\"elementor-column elementor-col-50 elementor-top-column elementor-element elementor-element-4db339\" data-id=\"4db339\" data-element_type=\"column\" data-e-type=\"column\">\n\t\t\t<div class=\"elementor-widget-wrap elementor-element-populated\">\n\t\t\t\t\t\t<div class=\"elementor-element elementor-element-3d940b04 elementor-widget elementor-widget-heading\" data-id=\"3d940b04\" data-element_type=\"widget\" data-e-type=\"widget\" data-widget_type=\"heading.default\">\n\t\t\t\t<div class=\"elementor-widget-container\">\n\t\t\t\t\t<h2 class=\"elementor-heading-title elementor-size-default\"><span style=\"font-size: 30px;letter-spacing: normal;text-transform: none\">S\u00edguenos <\/span><\/h2>\t\t\t\t<\/div>\n\t\t\t\t<\/div>\n\t\t\t\t<div class=\"elementor-element elementor-element-7c32fcb5 e-grid-align-left elementor-shape-rounded elementor-grid-0 elementor-widget elementor-widget-social-icons\" data-id=\"7c32fcb5\" data-element_type=\"widget\" data-e-type=\"widget\" data-widget_type=\"social-icons.default\">\n\t\t\t\t<div class=\"elementor-widget-container\">\n\t\t\t\t\t\t\t<div class=\"elementor-social-icons-wrapper elementor-grid\" role=\"list\">\n\t\t\t\t\t\t\t<span class=\"elementor-grid-item\" role=\"listitem\">\n\t\t\t\t\t<a class=\"elementor-icon elementor-social-icon elementor-social-icon-facebook-f elementor-animation-grow elementor-repeater-item-9c86cde\" href=\"https:\/\/www.facebook.com\/RadioLuzEc\/\" target=\"_blank\">\n\t\t\t\t\t\t<span class=\"elementor-screen-only\">Facebook-f<\/span>\n\t\t\t\t\t\t<i aria-hidden=\"true\" class=\"fab fa-facebook-f\"><\/i>\t\t\t\t\t<\/a>\n\t\t\t\t<\/span>\n\t\t\t\t\t\t\t<span class=\"elementor-grid-item\" role=\"listitem\">\n\t\t\t\t\t<a class=\"elementor-icon elementor-social-icon elementor-social-icon-instagram elementor-animation-grow elementor-repeater-item-7bcbd9e\" href=\"https:\/\/www.instagram.com\/radioluzec\/\" target=\"_blank\">\n\t\t\t\t\t\t<span class=\"elementor-screen-only\">Instagram<\/span>\n\t\t\t\t\t\t<i aria-hidden=\"true\" class=\"fab fa-instagram\"><\/i>\t\t\t\t\t<\/a>\n\t\t\t\t<\/span>\n\t\t\t\t\t\t\t<span class=\"elementor-grid-item\" role=\"listitem\">\n\t\t\t\t\t<a class=\"elementor-icon elementor-social-icon elementor-social-icon-youtube elementor-animation-grow elementor-repeater-item-31673c9\" href=\"https:\/\/www.youtube.com\/channel\/UCHCnCOp_uN95IgQLBerNn9g\" target=\"_blank\">\n\t\t\t\t\t\t<span class=\"elementor-screen-only\">Youtube<\/span>\n\t\t\t\t\t\t<i aria-hidden=\"true\" class=\"fab fa-youtube\"><\/i>\t\t\t\t\t<\/a>\n\t\t\t\t<\/span>\n\t\t\t\t\t<\/div>\n\t\t\t\t\t\t<\/div>\n\t\t\t\t<\/div>\n\t\t\t\t\t<\/div>\n\t\t<\/div>\n\t\t\t\t<div class=\"elementor-column elementor-col-50 elementor-top-column elementor-element elementor-element-6a954783\" data-id=\"6a954783\" data-element_type=\"column\" data-e-type=\"column\">\n\t\t\t<div class=\"elementor-widget-wrap elementor-element-populated\">\n\t\t\t\t\t\t<div class=\"elementor-element elementor-element-3ae454cf elementor-widget elementor-widget-google_maps\" data-id=\"3ae454cf\" data-element_type=\"widget\" data-e-type=\"widget\" data-widget_type=\"google_maps.default\">\n\t\t\t\t<div class=\"elementor-widget-container\">\n\t\t\t\t\t\t\t<div class=\"elementor-custom-embed\">\n\t\t\t<iframe loading=\"lazy\"\n\t\t\t\t\tsrc=\"https:\/\/maps.google.com\/maps?q=Santo%20Domingo&#038;t=m&#038;z=18&#038;output=embed&#038;iwloc=near\"\n\t\t\t\t\ttitle=\"Santo Domingo\"\n\t\t\t\t\taria-label=\"Santo Domingo\"\n\t\t\t><\/iframe>\n\t\t<\/div>\n\t\t\t\t\t\t<\/div>\n\t\t\t\t<\/div>\n\t\t\t\t\t<\/div>\n\t\t<\/div>\n\t\t\t\t\t<\/div>\n\t\t<\/section>\n\t\t\t\t<\/div>\n\t\t","protected":false},"excerpt":{"rendered":"<p>RENDICI\u00d3N DE CUENTAS Rendici\u00f3n de Cuentas Rendici\u00f3n de Cuentas 2021 Rendici\u00f3n de Cuentas 2022 C\u00f3digo de \u00c9tica Rendici\u00f3n de Cuentas 1.-COMPROBANTE PAGO A SAYCE 2017 https:\/\/www.radioluz885.org\/wp-content\/uploads\/2022\/04\/COMPROBANTE-PAGO-A-SAYCE-2017.pdf 2.-COMPROBANTE DE PAGO A SOPROFON 2017 https:\/\/www.radioluz885.org\/wp-content\/uploads\/2022\/04\/COMPROBANTE-DE-PAGO-SOPROFON-2017.pdf 3.-CERTIFICADO SRI 2018 https:\/\/www.radioluz885.org\/wp-content\/uploads\/2022\/04\/CERTIFICADO-SRI-2018.pdf 4.-PLAN DE CONTINGENCIA 2020&nbsp; https:\/\/www.radioluz885.org\/wp-content\/uploads\/2022\/04\/Plan-de-Contingencia-2020-Radio-LUZ-88.5.pdf 5.-PAGO DE IMPUESTO A LA RENTA 2020&nbsp; https:\/\/www.radioluz885.org\/wp-content\/uploads\/2022\/04\/Pago-de-Impuesto-a-la-Renta-2020.pdf 6.-IMPUESTO A LA RENTA 2020 [&hellip;]<\/p>\n","protected":false},"author":3,"featured_media":0,"parent":0,"menu_order":0,"comment_status":"closed","ping_status":"open","template":"","meta":{"site-sidebar-layout":"no-sidebar","site-content-layout":"page-builder","ast-site-content-layout":"default","site-content-style":"default","site-sidebar-style":"default","ast-global-header-display":"","ast-banner-title-visibility":"","ast-main-header-display":"","ast-hfb-above-header-display":"","ast-hfb-below-header-display":"","ast-hfb-mobile-header-display":"","site-post-title":"disabled","ast-breadcrumbs-content":"","ast-featured-img":"disabled","footer-sml-layout":"","ast-disable-related-posts":"","theme-transparent-header-meta":"default","adv-header-id-meta":"","stick-header-meta":"","header-above-stick-meta":"","header-main-stick-meta":"","header-below-stick-meta":"","astra-migrate-meta-layouts":"default","ast-page-background-enabled":"default","ast-page-background-meta":{"desktop":{"background-color":"var(--ast-global-color-4)","background-image":"","background-repeat":"repeat","background-position":"center center","background-size":"auto","background-attachment":"scroll","background-type":"","background-media":"","overlay-type":"","overlay-color":"","overlay-opacity":"","overlay-gradient":""},"tablet":{"background-color":"","background-image":"","background-repeat":"repeat","background-position":"center center","background-size":"auto","background-attachment":"scroll","background-type":"","background-media":"","overlay-type":"","overlay-color":"","overlay-opacity":"","overlay-gradient":""},"mobile":{"background-color":"","background-image":"","background-repeat":"repeat","background-position":"center center","background-size":"auto","background-attachment":"scroll","background-type":"","background-media":"","overlay-type":"","overlay-color":"","overlay-opacity":"","overlay-gradient":""}},"ast-content-background-meta":{"desktop":{"background-color":"var(--ast-global-color-5)","background-image":"","background-repeat":"repeat","background-position":"center center","background-size":"auto","background-attachment":"scroll","background-type":"","background-media":"","overlay-type":"","overlay-color":"","overlay-opacity":"","overlay-gradient":""},"tablet":{"background-color":"var(--ast-global-color-5)","background-image":"","background-repeat":"repeat","background-position":"center center","background-size":"auto","background-attachment":"scroll","background-type":"","background-media":"","overlay-type":"","overlay-color":"","overlay-opacity":"","overlay-gradient":""},"mobile":{"background-color":"var(--ast-global-color-5)","background-image":"","background-repeat":"repeat","background-position":"center center","background-size":"auto","background-attachment":"scroll","background-type":"","background-media":"","overlay-type":"","overlay-color":"","overlay-opacity":"","overlay-gradient":""}},"footnotes":""},"class_list":["post-160","page","type-page","status-publish","hentry"],"_links":{"self":[{"href":"https:\/\/www.radioluz885.org\/index.php\/wp-json\/wp\/v2\/pages\/160","targetHints":{"allow":["GET"]}}],"collection":[{"href":"https:\/\/www.radioluz885.org\/index.php\/wp-json\/wp\/v2\/pages"}],"about":[{"href":"https:\/\/www.radioluz885.org\/index.php\/wp-json\/wp\/v2\/types\/page"}],"author":[{"embeddable":true,"href":"https:\/\/www.radioluz885.org\/index.php\/wp-json\/wp\/v2\/users\/3"}],"replies":[{"embeddable":true,"href":"https:\/\/www.radioluz885.org\/index.php\/wp-json\/wp\/v2\/comments?post=160"}],"version-history":[{"count":160,"href":"https:\/\/www.radioluz885.org\/index.php\/wp-json\/wp\/v2\/pages\/160\/revisions"}],"predecessor-version":[{"id":583,"href":"https:\/\/www.radioluz885.org\/index.php\/wp-json\/wp\/v2\/pages\/160\/revisions\/583"}],"wp:attachment":[{"href":"https:\/\/www.radioluz885.org\/index.php\/wp-json\/wp\/v2\/media?parent=160"}],"curies":[{"name":"wp","href":"https:\/\/api.w.org\/{rel}","templated":true}]}}